{"id":2307,"date":"2026-03-16T13:15:07","date_gmt":"2026-03-16T12:15:07","guid":{"rendered":"https:\/\/advsmiljanamedic.rs\/?page_id=2307"},"modified":"2026-03-16T16:33:32","modified_gmt":"2026-03-16T15:33:32","slug":"blog","status":"publish","type":"page","link":"https:\/\/advsmiljanamedic.rs\/en\/blog\/","title":{"rendered":"Blog"},"content":{"rendered":"<div data-elementor-type=\"wp-page\" data-elementor-id=\"2307\" class=\"elementor elementor-2307\" data-elementor-post-type=\"page\">\n\t\t\t\t\t\t<section class=\"elementor-section elementor-top-section elementor-element elementor-element-8d0852e elementor-section-boxed elementor-section-height-default elementor-section-height-default\" data-id=\"8d0852e\" data-element_type=\"section\" data-e-type=\"section\">\n\t\t\t\t\t\t<div class=\"elementor-container elementor-column-gap-default\">\n\t\t\t\t\t<div class=\"elementor-column elementor-col-100 elementor-top-column elementor-element elementor-element-13aa037\" data-id=\"13aa037\" data-element_type=\"column\" data-e-type=\"column\">\n\t\t\t<div class=\"elementor-widget-wrap\">\n\t\t\t\t\t\t\t<\/div>\n\t\t<\/div>\n\t\t\t\t\t<\/div>\n\t\t<\/section>\n\t\t\t\t<section class=\"elementor-section elementor-top-section elementor-element elementor-element-229b637 elementor-section-boxed elementor-section-height-default elementor-section-height-default\" data-id=\"229b637\" data-element_type=\"section\" data-e-type=\"section\">\n\t\t\t\t\t\t<div class=\"elementor-container elementor-column-gap-default\">\n\t\t\t\t\t<div class=\"elementor-column elementor-col-100 elementor-top-column elementor-element elementor-element-db26982\" data-id=\"db26982\" data-element_type=\"column\" data-e-type=\"column\">\n\t\t\t<div class=\"elementor-widget-wrap elementor-element-populated\">\n\t\t\t\t\t\t<div class=\"elementor-element elementor-element-acc0816 elementor-widget elementor-widget-tp-blog-listout\" data-id=\"acc0816\" data-element_type=\"widget\" data-e-type=\"widget\" data-widget_type=\"tp-blog-listout.default\">\n\t\t\t\t<div class=\"elementor-widget-container\">\n\t\t\t\t\t<div id=\"pt-plus-blog-post-list\" class=\"blog-list post6a04a686e1271  list-isotope-metro  blog-style-1 hover-image-style-1\"  data-layout-type=\"metro\"  data-metro-columns=\"3\"  data-metro-style=\"style-1\"   data-id=\"post6a04a686e1271\" data-style=\"style-1\"  data-enable-isotope=\"1\"><div id=\"post6a04a686e1271\" class=\"tp-row post-inner-loop post6a04a686e1271\"><div class=\"grid-item metro-item1\"><article id=\"post-2310\" class=\"post-2310 post type-post status-publish format-standard has-post-thumbnail hentry category-blog\">\n\t<div class=\"blog-list-content\">\n\t\t\t\t<div class=\"post-content-bottom\">\n\t\t\t<h3 class=\"post-title\">\n\t<a href=\"https:\/\/advsmiljanamedic.rs\/en\/sigurnost-vasih-transakcija-uz-profesionalnu-izradu-ugovora\/\">SECURITY OF YOUR TRANSACTIONS WITH PROFESSIONAL CONTRACT DRAWING<\/a>\n<\/h3>\n\t\t\t<div class=\"post-hover-content\">\n\t\t\t\t\n<div class=\"entry-content\">\n\t<p>SIGURNOST VA\u0160IH TRANSAKCIJA UZ PROFESIONALNU IZRADU UGOVORA Pru\u017eamo pravnu podr\u0161ku za sve korake kupovine, zakupa ili poklona Na\u0161a kancelarija pru\u017ea stru\u010dne usluge izrade razli\u010ditih ugovora, prilago\u0111enih va\u0161im potrebama i...<\/p>\n<\/div>\n\t\t\t<\/div>\n\t\t<\/div>\n\t\t\t\t<a href=\"https:\/\/advsmiljanamedic.rs\/en\/sigurnost-vasih-transakcija-uz-profesionalnu-izradu-ugovora\/\"><div class=\"blog-bg-image-metro\" style=\"background-image:url(https:\/\/advsmiljanamedic.rs\/wp-content\/uploads\/2025\/03\/Blog-1.png);\"><\/div><\/a>\n\t\t\t<\/div>\n<\/article>\n<\/div><div class=\"grid-item metro-item2\"><article id=\"post-2312\" class=\"post-2312 post type-post status-publish format-standard has-post-thumbnail hentry category-blog\">\n\t<div class=\"blog-list-content\">\n\t\t\t\t<div class=\"post-content-bottom\">\n\t\t\t<h3 class=\"post-title\">\n\t<a href=\"https:\/\/advsmiljanamedic.rs\/en\/vasa-imovina-vasa-prava\/\">Your property, your rights<\/a>\n<\/h3>\n\t\t\t<div class=\"post-hover-content\">\n\t\t\t\t\n<div class=\"entry-content\">\n\t<p>Va\u0161a imovina, va\u0161a prava Carinski prekr\u0161aji mogu imati ozbiljne posledice, uklju\u010duju\u0107i visoke kazne i oduzimanje imovine. Na\u0161a kancelarija nudi pravnu pomo\u0107 i zastupanje kako bismo za\u0161titili va\u0161a prava i...<\/p>\n<\/div>\n\t\t\t<\/div>\n\t\t<\/div>\n\t\t\t\t<a href=\"https:\/\/advsmiljanamedic.rs\/en\/vasa-imovina-vasa-prava\/\"><div class=\"blog-bg-image-metro\" style=\"background-image:url(https:\/\/advsmiljanamedic.rs\/wp-content\/uploads\/2025\/03\/Blog-2.png);\"><\/div><\/a>\n\t\t\t<\/div>\n<\/article>\n<\/div><div class=\"grid-item metro-item3\"><article id=\"post-2314\" class=\"post-2314 post type-post status-publish format-standard has-post-thumbnail hentry category-blog\">\n\t<div class=\"blog-list-content\">\n\t\t\t\t<div class=\"post-content-bottom\">\n\t\t\t<h3 class=\"post-title\">\n\t<a href=\"https:\/\/advsmiljanamedic.rs\/en\/procedura-razvoda-braka-po-tuzbi\/\">PROCEDURE FOR DIVORCE BY CLAIM<\/a>\n<\/h3>\n\t\t\t<div class=\"post-hover-content\">\n\t\t\t\t\n<div class=\"entry-content\">\n\t<p>PROCEDURA RAZVODA BRAKA PO TU\u017dBI Razvod po tu\u017ebi se pokre\u0107e kada supru\u017enici ne postignu sporazumni dogovor. Postupak po\u010dinje podno\u0161enjem tu\u017ebe sudu, pri \u010demu tu\u017eitelj apsolutno nije u obavezi iznosi...<\/p>\n<\/div>\n\t\t\t<\/div>\n\t\t<\/div>\n\t\t\t\t<a href=\"https:\/\/advsmiljanamedic.rs\/en\/procedura-razvoda-braka-po-tuzbi\/\"><div class=\"blog-bg-image-metro\" style=\"background-image:url(https:\/\/advsmiljanamedic.rs\/wp-content\/uploads\/2025\/03\/Blog-3.png);\"><\/div><\/a>\n\t\t\t<\/div>\n<\/article>\n<\/div><div class=\"grid-item metro-item4\"><article id=\"post-2316\" class=\"post-2316 post type-post status-publish format-standard has-post-thumbnail hentry category-blog\">\n\t<div class=\"blog-list-content\">\n\t\t\t\t<div class=\"post-content-bottom\">\n\t\t\t<h3 class=\"post-title\">\n\t<a href=\"https:\/\/advsmiljanamedic.rs\/en\/imovinska-i-neimovinska-steta-usled-saobracajne-nezgode\/\">PROPERTY AND NON-PROPERTY DAMAGE DUE TO A TRAFFIC ACCIDENT<\/a>\n<\/h3>\n\t\t\t<div class=\"post-hover-content\">\n\t\t\t\t\n<div class=\"entry-content\">\n\t<p>IMOVINSKA I NEIMOVINSKA \u0160TETA USLED SAOBRA\u0106AJNE NEZGODE U saobra\u0107ajnim nezgodama, \u0161teta mo\u017ee biti materijalna (imovinska) i nematerijalna (neimovinska). Razumevanje razlika izme\u0111u ovih kategorija i prava na naknadu klju\u010dni su...<\/p>\n<\/div>\n\t\t\t<\/div>\n\t\t<\/div>\n\t\t\t\t<a href=\"https:\/\/advsmiljanamedic.rs\/en\/imovinska-i-neimovinska-steta-usled-saobracajne-nezgode\/\"><div class=\"blog-bg-image-metro\" style=\"background-image:url(https:\/\/advsmiljanamedic.rs\/wp-content\/uploads\/2025\/03\/Blog-4.png);\"><\/div><\/a>\n\t\t\t<\/div>\n<\/article>\n<\/div><\/div><\/div>\t\t\t\t<\/div>\n\t\t\t\t<\/div>\n\t\t\t\t\t<\/div>\n\t\t<\/div>\n\t\t\t\t\t<\/div>\n\t\t<\/section>\n\t\t\t\t<\/div>","protected":false},"excerpt":{"rendered":"SIGURNOST VA\u0160IH TRANSAKCIJA UZ PROFESIONALNU IZRADU UGOVORA Va\u0161a imovina, va\u0161a prava PROCEDURA RAZVODA BRAKA PO TU\u017dBI IMOVINSKA I NEIMOVINSKA \u0160TETA USLED SAOBRA\u0106AJNE NEZGODE","protected":false},"author":4,"featured_media":0,"parent":0,"menu_order":0,"comment_status":"closed","ping_status":"closed","template":"elementor_header_footer","meta":{"footnotes":""},"class_list":["post-2307","page","type-page","status-publish","hentry"],"aioseo_notices":[],"_links":{"self":[{"href":"https:\/\/advsmiljanamedic.rs\/en\/wp-json\/wp\/v2\/pages\/2307","targetHints":{"allow":["GET"]}}],"collection":[{"href":"https:\/\/advsmiljanamedic.rs\/en\/wp-json\/wp\/v2\/pages"}],"about":[{"href":"https:\/\/advsmiljanamedic.rs\/en\/wp-json\/wp\/v2\/types\/page"}],"author":[{"embeddable":true,"href":"https:\/\/advsmiljanamedic.rs\/en\/wp-json\/wp\/v2\/users\/4"}],"replies":[{"embeddable":true,"href":"https:\/\/advsmiljanamedic.rs\/en\/wp-json\/wp\/v2\/comments?post=2307"}],"version-history":[{"count":17,"href":"https:\/\/advsmiljanamedic.rs\/en\/wp-json\/wp\/v2\/pages\/2307\/revisions"}],"predecessor-version":[{"id":2393,"href":"https:\/\/advsmiljanamedic.rs\/en\/wp-json\/wp\/v2\/pages\/2307\/revisions\/2393"}],"wp:attachment":[{"href":"https:\/\/advsmiljanamedic.rs\/en\/wp-json\/wp\/v2\/media?parent=2307"}],"curies":[{"name":"wp","href":"https:\/\/api.w.org\/{rel}","templated":true}]}}