{"id":951,"date":"2020-01-26T06:21:21","date_gmt":"2020-01-26T06:21:21","guid":{"rendered":"https:\/\/juristic.themegeniuslab.com\/?page_id=20"},"modified":"2026-03-16T15:43:56","modified_gmt":"2026-03-16T14:43:56","slug":"o-nama","status":"publish","type":"page","link":"https:\/\/advsmiljanamedic.rs\/en\/o-nama\/","title":{"rendered":"About us"},"content":{"rendered":"<div data-elementor-type=\"wp-page\" data-elementor-id=\"951\" class=\"elementor elementor-951\" data-elementor-post-type=\"page\">\n\t\t\t\t\t\t<section class=\"elementor-section elementor-top-section elementor-element elementor-element-a860d75 elementor-section-full_width elementor-section-stretched elementor-section-height-default elementor-section-height-default\" data-id=\"a860d75\" data-element_type=\"section\" data-e-type=\"section\" data-settings=\"{&quot;stretch_section&quot;:&quot;section-stretched&quot;}\">\n\t\t\t\t\t\t<div class=\"elementor-container elementor-column-gap-no\">\n\t\t\t\t\t<div class=\"elementor-column elementor-col-100 elementor-top-column elementor-element elementor-element-439ba2c\" data-id=\"439ba2c\" data-element_type=\"column\" data-e-type=\"column\">\n\t\t\t<div class=\"elementor-widget-wrap elementor-element-populated\">\n\t\t\t\t\t\t<div class=\"elementor-element elementor-element-348b73b elementor-widget elementor-widget-image\" data-id=\"348b73b\" data-element_type=\"widget\" data-e-type=\"widget\" data-widget_type=\"image.default\">\n\t\t\t\t<div class=\"elementor-widget-container\">\n\t\t\t\t\t\t\t\t\t\t\t\t\t\t\t<img fetchpriority=\"high\" decoding=\"async\" width=\"1920\" height=\"350\" src=\"https:\/\/advsmiljanamedic.rs\/wp-content\/uploads\/2025\/03\/viber_image_2025-03-17_20-39-44-435.png\" class=\"attachment-full size-full wp-image-2158\" alt=\"\" srcset=\"https:\/\/advsmiljanamedic.rs\/wp-content\/uploads\/2025\/03\/viber_image_2025-03-17_20-39-44-435.png 1920w, https:\/\/advsmiljanamedic.rs\/wp-content\/uploads\/2025\/03\/viber_image_2025-03-17_20-39-44-435-300x55.png 300w, https:\/\/advsmiljanamedic.rs\/wp-content\/uploads\/2025\/03\/viber_image_2025-03-17_20-39-44-435-1024x187.png 1024w, https:\/\/advsmiljanamedic.rs\/wp-content\/uploads\/2025\/03\/viber_image_2025-03-17_20-39-44-435-768x140.png 768w, https:\/\/advsmiljanamedic.rs\/wp-content\/uploads\/2025\/03\/viber_image_2025-03-17_20-39-44-435-1536x280.png 1536w, https:\/\/advsmiljanamedic.rs\/wp-content\/uploads\/2025\/03\/viber_image_2025-03-17_20-39-44-435-18x3.png 18w\" sizes=\"(max-width: 1920px) 100vw, 1920px\" \/>\t\t\t\t\t\t\t\t\t\t\t\t\t\t\t<\/div>\n\t\t\t\t<\/div>\n\t\t\t\t\t<\/div>\n\t\t<\/div>\n\t\t\t\t\t<\/div>\n\t\t<\/section>\n\t\t\t\t<section class=\"elementor-section elementor-top-section elementor-element elementor-element-38fbc3f elementor-section-boxed elementor-section-height-default elementor-section-height-default\" data-id=\"38fbc3f\" data-element_type=\"section\" data-e-type=\"section\">\n\t\t\t\t\t\t<div class=\"elementor-container elementor-column-gap-default\">\n\t\t\t\t\t<div class=\"elementor-column elementor-col-100 elementor-top-column elementor-element elementor-element-2ac6f38\" data-id=\"2ac6f38\" data-element_type=\"column\" data-e-type=\"column\">\n\t\t\t<div class=\"elementor-widget-wrap elementor-element-populated\">\n\t\t\t\t\t\t<div class=\"elementor-element elementor-element-8b9dd81 elementor-widget__width-initial elementor-widget elementor-widget-tmx-juristic_title\" data-id=\"8b9dd81\" data-element_type=\"widget\" data-e-type=\"widget\" data-widget_type=\"tmx-juristic_title.default\">\n\t\t\t\t<div class=\"elementor-widget-container\">\n\t\t\t\t\t\t\t\t<div class=\"col col-lg-6 col-lg-offset-3 col-md-8 col-md-offset-2 col-sm-10 col-sm-offset-1\">\n\t\t\t\t<div class=\"section-title-s3\">\n\t\t\t\t\t\t\t\t\t\t\t<div class=\"icon\">\n\t\t\t\t\t\t\t<i class=\"fi fi flaticon-suitcase\"><\/i>\t\t\t\t\t\t<\/div>\n\t\t\t\t\t<span>about us<\/span>\t\t\t\t<\/div>\n\t\t\t<\/div>\n\t\t\t\t<\/div>\n\t\t\t\t<\/div>\n\t\t\t\t<div class=\"elementor-element elementor-element-88495d7 elementor-widget elementor-widget-text-editor\" data-id=\"88495d7\" data-element_type=\"widget\" data-e-type=\"widget\" data-widget_type=\"text-editor.default\">\n\t\t\t\t<div class=\"elementor-widget-container\">\n\t\t\t\t\t\t\t\t\t<p>The law office of Smiljana Medi\u0107 provides high-quality legal services in Subotica and its surroundings. After graduating from the Faculty of Law of the University of Novi Sad, lawyer Medi\u0107 gained valuable experience working in the renowned law firm Mati\u0107-Krstaji\u0107. Today, as a partner in the same office, together with a team of five lawyers, she is dedicated to providing professional legal assistance to clients. The office specializes in various legal areas, including civil law, family law, real estate, as well as commercial and entrepreneurial law. Commitment to clients and high ethical standards make the Medi\u0107 law office a reliable partner in solving all legal issues. Given the rich experience in legal practice, the office is recognized as a leader in legal services in Subotica and throughout Vojvodina. Through a strategic approach and detailed knowledge of legal regulations, lawyer Medi\u0107 and her team provide effective solutions in a wide variety of legal cases. The office also offers advice on property, inheritance and contractual rights, as well as legal advice for legal entities. With a serious approach to each client, the Law Office of Smiljana Medi\u0107 has become a synonym for expertise and trust in the legal profession in Serbia.<\/p>\t\t\t\t\t\t\t\t<\/div>\n\t\t\t\t<\/div>\n\t\t\t\t<div class=\"elementor-element elementor-element-b840fe4 elementor-widget elementor-widget-spacer\" data-id=\"b840fe4\" data-element_type=\"widget\" data-e-type=\"widget\" data-widget_type=\"spacer.default\">\n\t\t\t\t<div class=\"elementor-widget-container\">\n\t\t\t\t\t\t\t<div class=\"elementor-spacer\">\n\t\t\t<div class=\"elementor-spacer-inner\"><\/div>\n\t\t<\/div>\n\t\t\t\t\t\t<\/div>\n\t\t\t\t<\/div>\n\t\t\t\t<div class=\"elementor-element elementor-element-31dbd40 elementor-widget elementor-widget-tmx-juristic_timeline\" data-id=\"31dbd40\" data-element_type=\"widget\" data-e-type=\"widget\" data-widget_type=\"tmx-juristic_timeline.default\">\n\t\t\t\t<div class=\"elementor-widget-container\">\n\t\t\t\t\t\t\t<section class=\"history-section section-padding\">\n\t\t\t<div class=\"row\">\n\t\t\t\t<div class=\"col col-lg-8 col-lg-offset-2 col-md-10 col-md-offset-1\">\n\t\t\t\t\t<div class=\"history-grids\">\n\t\t\t\t\t\t\t\t\t\t\t\t\t\t<div class=\"grid grid-s1 clearfix\">\n\t\t\t\t\t\t\t\t\t<div class=\"time-title\">\n\t\t\t\t\t\t\t\t\t\t<h3>2014<\/h3><h4>Po\u010detak<\/h4>\t\t\t\t\t\t\t\t\t<\/div>\n\t\t\t\t\t\t\t\t\t<div class=\"details\">\n\t\t\t\t\t\t\t\t\t\t<p>11 years of work in a law office, first as an intern and then as a lawyer, with all colleagues, some of whom she has been with from the very beginning, since 2014.<\/p>\t\t\t\t\t\t\t\t\t<\/div>\n\t\t\t\t\t\t\t\t<\/div>\n\t\t\t\t\t\t\t\t\t\t\t\t\t\t<div class=\"grid grid-s2 clearfix\">\n\t\t\t\t\t\t\t\t\t<div class=\"time-title\">\n\t\t\t\t\t\t\t\t\t\t<h3>2020<\/h3><h4>Nova advokatska kancelarija<\/h4>\t\t\t\t\t\t\t\t\t<\/div>\n\t\t\t\t\t\t\t\t\t<div class=\"details\">\n\t\t\t\t\t\t\t\t\t\t<p>Since 2020, together with the current composition of 5 fellow lawyers, as many as there are in the law office, is based in Subotica, Matije Korvina Street 17 (Galleria, Business Center 1st Floor).\n\n<\/p>\t\t\t\t\t\t\t\t\t<\/div>\n\t\t\t\t\t\t\t\t<\/div>\n\t\t\t\t\t\t\t\t\t\t\t\t\t\t<div class=\"grid grid-s1 clearfix\">\n\t\t\t\t\t\t\t\t\t<div class=\"time-title\">\n\t\t\t\t\t\t\t\t\t\t<h3>2025<\/h3><h4>Sada\u0161njost<\/h4>\t\t\t\t\t\t\t\t\t<\/div>\n\t\t\t\t\t\t\t\t\t<div class=\"details\">\n\t\t\t\t\t\t\t\t\t\t<p>Lawyer Smiljana Medi\u0107, through her previous experience, has specialized in dealing with cases of civil law matters, traffic violations, customs violations, divorce matters, and the law in the field of minor perpetrators of criminal acts, considering that she has undergone specialist training \"Minors as perpetrators of criminal acts and minors as victims of criminal acts\" for which she has a special certificate for handling such cases.\n\n<\/p>\t\t\t\t\t\t\t\t\t<\/div>\n\t\t\t\t\t\t\t\t<\/div>\n\t\t\t\t\t\t\t\t\t\t\t<\/div>\n\t\t\t\t<\/div>\n\t\t\t<\/div>\n\t\t<\/section>\n\t\t\t\t<\/div>\n\t\t\t\t<\/div>\n\t\t\t\t\t<\/div>\n\t\t<\/div>\n\t\t\t\t\t<\/div>\n\t\t<\/section>\n\t\t\t\t<section class=\"elementor-section elementor-top-section elementor-element elementor-element-3d92934 elementor-section-boxed elementor-section-height-default elementor-section-height-default\" data-id=\"3d92934\" data-element_type=\"section\" data-e-type=\"section\" data-settings=\"{&quot;background_background&quot;:&quot;classic&quot;}\">\n\t\t\t\t\t\t<div class=\"elementor-container elementor-column-gap-default\">\n\t\t\t\t\t<div class=\"elementor-column elementor-col-100 elementor-top-column elementor-element elementor-element-b9e59b5\" data-id=\"b9e59b5\" data-element_type=\"column\" data-e-type=\"column\">\n\t\t\t<div class=\"elementor-widget-wrap elementor-element-populated\">\n\t\t\t\t\t\t<div class=\"elementor-element elementor-element-9a22e51 elementor-widget elementor-widget-image\" data-id=\"9a22e51\" data-element_type=\"widget\" data-e-type=\"widget\" data-widget_type=\"image.default\">\n\t\t\t\t<div class=\"elementor-widget-container\">\n\t\t\t\t\t\t\t\t\t\t\t\t\t\t\t\t<a href=\"https:\/\/advsmiljanamedic.rs\/en\/\">\n\t\t\t\t\t\t\t<img decoding=\"async\" width=\"150\" height=\"150\" src=\"https:\/\/advsmiljanamedic.rs\/wp-content\/uploads\/2025\/03\/3-150x150.png\" class=\"attachment-thumbnail size-thumbnail wp-image-1205\" alt=\"\" srcset=\"https:\/\/advsmiljanamedic.rs\/wp-content\/uploads\/2025\/03\/3-150x150.png 150w, https:\/\/advsmiljanamedic.rs\/wp-content\/uploads\/2025\/03\/3-300x300.png 300w, https:\/\/advsmiljanamedic.rs\/wp-content\/uploads\/2025\/03\/3-768x768.png 768w, https:\/\/advsmiljanamedic.rs\/wp-content\/uploads\/2025\/03\/3-600x600.png 600w, https:\/\/advsmiljanamedic.rs\/wp-content\/uploads\/2025\/03\/3-100x100.png 100w, https:\/\/advsmiljanamedic.rs\/wp-content\/uploads\/2025\/03\/3.png 1000w\" sizes=\"(max-width: 150px) 100vw, 150px\" \/>\t\t\t\t\t\t\t\t<\/a>\n\t\t\t\t\t\t\t\t\t\t\t\t\t\t\t<\/div>\n\t\t\t\t<\/div>\n\t\t\t\t\t<\/div>\n\t\t<\/div>\n\t\t\t\t\t<\/div>\n\t\t<\/section>\n\t\t\t\t<\/div>","protected":false},"excerpt":{"rendered":"O NAMA Advokatska kancelarija Smiljane Medi\u0107 pru\u017ea visokokvalitetne pravne usluge u Subotici i okolini. Nakon diplomiranja na Pravnom fakultetu Univerziteta u Novom Sadu, advokat Medi\u0107 je stekla dragoceno iskustvo rade\u0107i u renomiranoj advokatskoj kancelariji Mati\u0107-Krstaji\u0107. Danas, kao partner u istoj kancelariji, zajedno sa timom od pet advokata, posve\u0107ena je pru\u017eanju stru\u010dne pravne pomo\u0107i klijentima. Kancelarija","protected":false},"author":1,"featured_media":0,"parent":0,"menu_order":0,"comment_status":"closed","ping_status":"closed","template":"elementor_header_footer","meta":{"footnotes":""},"class_list":["post-951","page","type-page","status-publish","hentry"],"aioseo_notices":[],"_links":{"self":[{"href":"https:\/\/advsmiljanamedic.rs\/en\/wp-json\/wp\/v2\/pages\/951","targetHints":{"allow":["GET"]}}],"collection":[{"href":"https:\/\/advsmiljanamedic.rs\/en\/wp-json\/wp\/v2\/pages"}],"about":[{"href":"https:\/\/advsmiljanamedic.rs\/en\/wp-json\/wp\/v2\/types\/page"}],"author":[{"embeddable":true,"href":"https:\/\/advsmiljanamedic.rs\/en\/wp-json\/wp\/v2\/users\/1"}],"replies":[{"embeddable":true,"href":"https:\/\/advsmiljanamedic.rs\/en\/wp-json\/wp\/v2\/comments?post=951"}],"version-history":[{"count":155,"href":"https:\/\/advsmiljanamedic.rs\/en\/wp-json\/wp\/v2\/pages\/951\/revisions"}],"predecessor-version":[{"id":2421,"href":"https:\/\/advsmiljanamedic.rs\/en\/wp-json\/wp\/v2\/pages\/951\/revisions\/2421"}],"wp:attachment":[{"href":"https:\/\/advsmiljanamedic.rs\/en\/wp-json\/wp\/v2\/media?parent=951"}],"curies":[{"name":"wp","href":"https:\/\/api.w.org\/{rel}","templated":true}]}}